{"id":76,"date":"2023-05-10T04:17:04","date_gmt":"2023-05-10T04:17:04","guid":{"rendered":"https:\/\/tg-spielmannszug.de\/?page_id=76"},"modified":"2023-05-10T11:23:01","modified_gmt":"2023-05-10T11:23:01","slug":"hertlingshausen-2011","status":"publish","type":"page","link":"https:\/\/tg-spielmannszug.de\/?page_id=76","title":{"rendered":"Hertlingshausen 2011"},"content":{"rendered":"<p style=\"text-align: justify;\"><strong><span style=\"color: #000000;\">Unser Musiker Seminar 2011 fand im Oktober im Schullandheim der Stadt Frankenthal in Hertlingshausen statt.<\/span><\/strong><\/p>\n<p style=\"text-align: justify;\"><span style=\"color: #000000;\">In diesem Jahr war es endlich wieder soweit. Der Spielmannszug fuhr ann\u00e4hernd komplett in unser lange vorbereitetes Musikseminar.<\/span><\/p>\n<p style=\"text-align: justify;\"><span style=\"color: #000000;\">Unser Ziel war die Jugendherberge in Hertlingshausen. Wer jedoch unbek\u00fcmmert Richtung Musikseminar fuhr und sich der modernen Technik anvertraute, hatte ein Problem. Die Gro\u00dfstadt Hertlingshausen ist der heutigen Technik f\u00f6rmlich unbekannt.<\/span><\/p>\n<p style=\"text-align: justify;\"><span style=\"font-size: 16px; color: #000000; line-height: 1.714285714;\">All diese Probleme waren jedoch nach dem st\u00e4rkenden Abendessen vergessen und danach konnte der musikalische Teil beginnen.<\/span><\/p>\n<p style=\"text-align: justify;\"><span style=\"color: #000000;\">Unsere Musiklehrer, Musikdozent Fritz und Schlagzeuglehrer Stefan, h\u00f6rten sich als erstes unser K\u00f6nnen an und schmiedeten dann den Schlachtplan f\u00fcr das bevorstehende Wochenende. Die Rollen waren schnell verteilt,Fritz \u00fcbernahm abwechselnd die Fanfaren und die Pfeiffer, Stefan das komplette Schlagwerk. So konnten am sp\u00e4ten Abend die ersten Lernschritte angegangen werden.<\/span><\/p>\n<p style=\"text-align: justify;\"><span style=\"color: #000000;\">Zum Ausklang des langen Abends, wurden im Aufenthaltsraum beim Revue passieren und zum Tanken neuer Kr\u00e4fte noch einige Dosen Wurst verk\u00f6stigt.<\/span><\/p>\n<p style=\"text-align: justify;\"><span style=\"font-size: 16px; color: #000000; line-height: 1.714285714;\">Nach einer kurzen Nacht war jeder wieder p\u00fcnktlich, und sehr gespannt was der Tag bringt, beim Fr\u00fchst\u00fcck. An diesem Tag wartete ein straff organisiertes Programm, da wir ein neues Lied lernen wollten. Zu Beginn \u00fcbte jede Instrumentengruppe f\u00fcr sich, im Laufe des Tages wurden aber auch gemeinsame Proben durchgef\u00fchrt. Die Begeisterung an den \u00dcbungen spiegelten sich in den Pausen wieder, da hier meist \u00fcber das Musizieren gesprochen und diskutiert wurde. Bei all der Arbeit kam auch das leibliche Wohl nicht zu kurz,wir wurden von der Heimleitung bestens versorgt.<\/span><\/p>\n<p style=\"text-align: justify;\"><span style=\"color: #000000;\">Auch dieser Abend endete mit einem gem\u00fctlichen Beisammensein. Es wurden sogar, wie in einer Jugendherberge \u00fcblich, Lieder gesungen und Gesellschaftsspiele gespielt. Um Mitternacht spielten wir f\u00fcr unser Geburtstagskind Yvonne ein St\u00e4ndchen und Annemarie \u00fcberreichte Ihr eine selbst gebackene Geburtstagstorte, bei der alle selbstverst\u00e4ndlich beim Essen halfen.<\/span><\/p>\n<p style=\"text-align: justify;\"><span style=\"color: #000000;\">Da in dieser Nacht die Uhren umgestellt wurden hatten wir l\u00e4nger Zeit uns auszuschlafen bzw. l\u00e4nger Zeit zum Feiern.<\/span><\/p>\n<p style=\"text-align: justify;\"><span style=\"font-size: 16px; color: #000000; line-height: 1.714285714;\">Auch am Sonntag Morgen waren alle zur abgesprochenen Zeit beim Fr\u00fchst\u00fcck. An den letzten Feinheiten wurde zwischen dem Fr\u00fchst\u00fcck und dem Mittagessen, in einer Gesamtprobe, geschliffen.<\/span><\/p>\n<p style=\"text-align: justify;\"><span style=\"color: #000000;\">Danach ging es im Konvoi, \u00fcber Landstra\u00dfen und Ortschaften (die Autobahn war gesperrt) nach Hause.<\/span><\/p>\n<p style=\"text-align: justify;\"><span style=\"color: #000000;\">Alles in Allem war dies ein Erfolg- und lehrreiches Wochenende. Jeder war begeistert und es wurde mehrfach um eine baldige Wiederholung gebeten.<\/span><\/p>\nngg_shortcode_0_placeholder\n","protected":false},"excerpt":{"rendered":"<p>Unser Musiker Seminar 2011 fand im Oktober im Schullandheim der Stadt Frankenthal in Hertlingshausen statt. In diesem Jahr war es endlich wieder soweit. Der Spielmannszug fuhr ann\u00e4hernd komplett in unser lange vorbereitetes Musikseminar. Unser Ziel war die Jugendherberge in Hertlingshausen. Wer jedoch unbek\u00fcmmert Richtung Musikseminar fuhr und sich der modernen Technik anvertraute, hatte ein Problem. [&hellip;]<\/p>\n","protected":false},"author":1,"featured_media":0,"parent":0,"menu_order":0,"comment_status":"closed","ping_status":"closed","template":"","meta":{"ngg_post_thumbnail":0,"footnotes":""},"categories":[],"tags":[],"class_list":["post-76","page","type-page","status-publish","hentry"],"_links":{"self":[{"href":"https:\/\/tg-spielmannszug.de\/index.php?rest_route=\/wp\/v2\/pages\/76","targetHints":{"allow":["GET"]}}],"collection":[{"href":"https:\/\/tg-spielmannszug.de\/index.php?rest_route=\/wp\/v2\/pages"}],"about":[{"href":"https:\/\/tg-spielmannszug.de\/index.php?rest_route=\/wp\/v2\/types\/page"}],"author":[{"embeddable":true,"href":"https:\/\/tg-spielmannszug.de\/index.php?rest_route=\/wp\/v2\/users\/1"}],"replies":[{"embeddable":true,"href":"https:\/\/tg-spielmannszug.de\/index.php?rest_route=%2Fwp%2Fv2%2Fcomments&post=76"}],"version-history":[{"count":5,"href":"https:\/\/tg-spielmannszug.de\/index.php?rest_route=\/wp\/v2\/pages\/76\/revisions"}],"predecessor-version":[{"id":247,"href":"https:\/\/tg-spielmannszug.de\/index.php?rest_route=\/wp\/v2\/pages\/76\/revisions\/247"}],"wp:attachment":[{"href":"https:\/\/tg-spielmannszug.de\/index.php?rest_route=%2Fwp%2Fv2%2Fmedia&parent=76"}],"wp:term":[{"taxonomy":"category","embeddable":true,"href":"https:\/\/tg-spielmannszug.de\/index.php?rest_route=%2Fwp%2Fv2%2Fcategories&post=76"},{"taxonomy":"post_tag","embeddable":true,"href":"https:\/\/tg-spielmannszug.de\/index.php?rest_route=%2Fwp%2Fv2%2Ftags&post=76"}],"curies":[{"name":"wp","href":"https:\/\/api.w.org\/{rel}","templated":true}]}}