{"id":74,"date":"2023-05-10T04:15:34","date_gmt":"2023-05-10T04:15:34","guid":{"rendered":"https:\/\/tg-spielmannszug.de\/?page_id=74"},"modified":"2023-05-10T04:15:44","modified_gmt":"2023-05-10T04:15:44","slug":"odenbach-2011","status":"publish","type":"page","link":"https:\/\/tg-spielmannszug.de\/?page_id=74","title":{"rendered":"Odenbach 2011"},"content":{"rendered":"<p style=\"text-align: justify;\"><strong><span style=\"color: #000000;\">Zeltlager in Odenbach vom 06.-07.08.2011<\/span><\/strong><\/p>\n<p style=\"text-align: justify;\"><span style=\"font-size: 16px; color: #000000; line-height: 1.714285714;\">Wiederum verschlug es den Spielmannszug ins herrliche Kuseler Land auf den Campingplatz des \u201aSportbund Pfalz\u2019 nach Odenbach.<\/span><\/p>\n<p style=\"text-align: justify;\"><span style=\"font-size: 16px; color: #000000; line-height: 1.714285714;\">Auch dieses Jahr gestaltete sich die Anreise etwas abenteuerlich, da es galt, um gewissen Staumeldungen auf den Autobahnen A61 und A6 zu trotzen, einen Weg \u00fcber die D\u00f6rfer zu finden. Je nach Navigationssystem wurden die fantastischsten Routen ausprobiert. Doch als wir dann alle vereint waren, wurde unter traditionellen Trompetenkl\u00e4ngen unsere Spielmannszugfahne vom j\u00fcngsten Teilnehmer Linus gehisst. Danach lie\u00dfen wir uns mit einem 4-G\u00e4nge-Men\u00fc vom Feinsten kulinarisch verw\u00f6hnen.<\/span><\/p>\n<p style=\"text-align: justify;\"><span style=\"font-size: 16px; color: #000000; line-height: 1.714285714;\">Sp\u00e4tabends gab es noch Chicken-Wings und ebenso durfte das obligatorische, n\u00e4chtliche \u201aP\u00e4nnel\u2019 nicht fehlen. Am Lagerfeuer lie\u00df man den ersten Tag romantisch und liederschmetternd ausklingen. Der Samstag stand unter dem Zeichen der sportlichen Aktivit\u00e4ten. Harte Tischtennisturniere und Fu\u00dfballspiele wurden ausgefochten, aber auch andere T\u00e4tigkeiten wie Federballspielen oder Bumerangwerfen weckten gro\u00dfe Begeisterung. Dazwischen vertrieben einige sich die Zeit mit Denksport in Form von Sudoku, was fast zur Massensucht ausuferte. Der absolute Knaller allerdings war ein von Nelly mitgebrachtes Spiel, welches wohl die letzten beiden Weltkriege \u00fcberlebte. Bei diesem galt es mittels Becher und guter Reaktion Holzm\u00e4use zu fangen. Nachmittags gingen einige ins benachbarte Meisenheim ins Freibad, andere fuhren zum Public Viewing des Spiels Werder Bremen \u2013 1.FCK in eine Kneipe nach Lauterecken. Nach einem wiederum fantastischen Abendessen, erneut kredenzt von Anne und Wille (alias \u201aWilfried von der Lippe\u2019) lie\u00df man den zweiten Tag wegen Dauerregens in der H\u00fctte ausklingen. Da die Begeisterung f\u00fcr das M\u00e4usespiel riesengro\u00df war, wurde die ganze Nacht, aber diesmal unter versch\u00e4rften Bedingungen, \u201agemaust\u2019.<\/span><\/p>\n<p style=\"text-align: justify;\"><span style=\"font-size: 16px; color: #000000; line-height: 1.714285714;\">Am Sonntag morgen h\u00f6rte es auf zu regnen, so dass wir nach dem Mittagessen die Zelte trocken abbauen und nach einem gelungenen Wochenende ersch\u00f6pft, aber gl\u00fccklich und zufrieden die Heimreise antreten konnten.<\/span><\/p>\n<p style=\"text-align: justify;\"><span style=\"font-size: 16px; color: #000000; line-height: 1.714285714;\">An dieser Stelle nochmals vielen Dank an K\u00fcchenfee Anne und Ma\u00eetre Wille, die uns mit den raffiniertesten Gourmetkreationen verw\u00f6hnten.<\/span><\/p>\n<p style=\"text-align: justify;\"><span style=\"font-size: 16px; color: #000000; line-height: 1.714285714;\">Klaus Sternberger<\/span><\/p>\n<p>&nbsp;<\/p>\n","protected":false},"excerpt":{"rendered":"<p>Zeltlager in Odenbach vom 06.-07.08.2011 Wiederum verschlug es den Spielmannszug ins herrliche Kuseler Land auf den Campingplatz des \u201aSportbund Pfalz\u2019 nach Odenbach. Auch dieses Jahr gestaltete sich die Anreise etwas abenteuerlich, da es galt, um gewissen Staumeldungen auf den Autobahnen A61 und A6 zu trotzen, einen Weg \u00fcber die D\u00f6rfer zu finden. Je nach Navigationssystem [&hellip;]<\/p>\n","protected":false},"author":1,"featured_media":0,"parent":0,"menu_order":0,"comment_status":"closed","ping_status":"closed","template":"","meta":{"ngg_post_thumbnail":0,"footnotes":""},"categories":[],"tags":[],"class_list":["post-74","page","type-page","status-publish","hentry"],"_links":{"self":[{"href":"https:\/\/tg-spielmannszug.de\/index.php?rest_route=\/wp\/v2\/pages\/74","targetHints":{"allow":["GET"]}}],"collection":[{"href":"https:\/\/tg-spielmannszug.de\/index.php?rest_route=\/wp\/v2\/pages"}],"about":[{"href":"https:\/\/tg-spielmannszug.de\/index.php?rest_route=\/wp\/v2\/types\/page"}],"author":[{"embeddable":true,"href":"https:\/\/tg-spielmannszug.de\/index.php?rest_route=\/wp\/v2\/users\/1"}],"replies":[{"embeddable":true,"href":"https:\/\/tg-spielmannszug.de\/index.php?rest_route=%2Fwp%2Fv2%2Fcomments&post=74"}],"version-history":[{"count":1,"href":"https:\/\/tg-spielmannszug.de\/index.php?rest_route=\/wp\/v2\/pages\/74\/revisions"}],"predecessor-version":[{"id":75,"href":"https:\/\/tg-spielmannszug.de\/index.php?rest_route=\/wp\/v2\/pages\/74\/revisions\/75"}],"wp:attachment":[{"href":"https:\/\/tg-spielmannszug.de\/index.php?rest_route=%2Fwp%2Fv2%2Fmedia&parent=74"}],"wp:term":[{"taxonomy":"category","embeddable":true,"href":"https:\/\/tg-spielmannszug.de\/index.php?rest_route=%2Fwp%2Fv2%2Fcategories&post=74"},{"taxonomy":"post_tag","embeddable":true,"href":"https:\/\/tg-spielmannszug.de\/index.php?rest_route=%2Fwp%2Fv2%2Ftags&post=74"}],"curies":[{"name":"wp","href":"https:\/\/api.w.org\/{rel}","templated":true}]}}