{"id":72,"date":"2023-05-10T04:15:01","date_gmt":"2023-05-10T04:15:01","guid":{"rendered":"https:\/\/tg-spielmannszug.de\/?page_id=72"},"modified":"2023-05-10T04:15:01","modified_gmt":"2023-05-10T04:15:01","slug":"odenbach-2007","status":"publish","type":"page","link":"https:\/\/tg-spielmannszug.de\/?page_id=72","title":{"rendered":"Odenbach 2007"},"content":{"rendered":"<p style=\"text-align: justify;\"><strong><span style=\"color: #000000;\">Viele Wege f\u00fchren nach . . . Odenbach!<\/span><\/strong><\/p>\n<p style=\"text-align: justify;\"><span style=\"color: #000000;\">Trotz widriger Witterungsverh\u00e4ltnisse (es goss mal wieder in Str\u00f6men) trat der Spielmannszug am 10. August die traditionelle Fahrt ins Zeltlager an.<\/span><\/p>\n<p style=\"text-align: justify;\"><span style=\"color: #000000;\">Diesmal mit einem neuen Ziel. Zum Reigen der ber\u00fchmten Weltst\u00e4dte London-Paris-D\u00f6rrmoschel gesellte sich nun ODENBACH!<\/span><\/p>\n<p style=\"text-align: justify;\"><span style=\"font-size: 16px; color: #000000; line-height: 1.714285714;\">Die Anfahrt durch die hintere Walachei offenbarte die landschaftliche Sch\u00f6nheit der Hinter-Hinter-Hinterpfalz. F\u00fcnf Trupps unternehmungslustiger Spielmannsz\u00fcgler fanden ebenso viele Wege, den \u201eKinder-Zeltplatz Odenbach\u201c zu erreichen. Schnell wurde klar, dass der eigentliche Zeltplatz zu \u201ebabblisch\u201c (f\u00fcr Nicht-Pf\u00e4lzer: matschig) war um darauf zu campieren. Also musste man notgedrungen in den Wald und den Gr\u00fcnstreifen um den Fu\u00dfballplatz ausweichen.<\/span><\/p>\n<p style=\"text-align: justify;\"><span style=\"font-size: 16px; color: #000000; line-height: 1.714285714;\">Gl\u00fccklicherweise kam unsere zoologische Expertin Daniela am Abend nachgereist, um uns eine weitreichende Erkenntnis zu bescheren, die uns die Situation in der Umgebung unserer Zelte erst richtig verdeutlichte: Im Wald gibt es Tiere!<\/span><\/p>\n<p style=\"text-align: justify;\"><span style=\"font-size: 16px; color: #000000; line-height: 1.714285714;\">Nun konnten wir uns perfekt auf Flora und Fauna einstellen, das Zeltlager konnte beginnen.<\/span><\/p>\n<p style=\"text-align: justify;\"><span style=\"font-size: 16px; color: #000000; line-height: 1.714285714;\">Selbst Eichh\u00f6rnchenfangeles auf dem Zelt, die wilden Paarungsspielchen der Elwedrittschle davor und die n\u00e4chtlichen Arbeitsger\u00e4usche der zahllosen Holzf\u00e4ller darin konnten uns nicht mehr schocken, lieferten jedoch eine unvergleichliche Ger\u00e4uschkulisse. Mehr Probleme bereiteten die pl\u00f6tzlich aus dem Dunkel auftauchenden B\u00e4ume und die kreuz und quer verlaufenden Zeltschn\u00fcre dazwischen. Sie erforderten den Einsatz nahezu jedes Sinnesorgans zum unfallfreien Navigieren. Dies \u00fcberforderte die meisten Spielmannz\u00fcgler ma\u00dflos, was zu kreativen Fortbewegungsmethoden f\u00fchrte. Die Flugenten-Positionsbestimmung sowie die Waldboden-mit-Blitzlicht-beleuchten-Navigation sind nur einige davon.<\/span><\/p>\n<p style=\"text-align: justify;\"><span style=\"font-size: 16px; color: #000000; line-height: 1.714285714;\">Den Auftakt bildete der \u201eSpanische Abend\u201c. Stilecht wurden wir mit einer ausgezeichneten Paella so weit in Stimmung gebracht, dass um 9 Uhr die \u201eKuh flog\u201c und die T\u00e4nzer beim Limbo zu akrobatischer H\u00f6chstform aufliefen.<\/span><\/p>\n<p style=\"text-align: justify;\"><span style=\"font-size: 16px; color: #000000; line-height: 1.714285714;\">Dreiste Zeltdiebe stahlen im Verlauf des Abends b\u00f6swillig das Zelt des Ehrenstabf\u00fchrers. Dank der beherzten Hilfe eines Spielmannsz\u00fcglers konnte der Diebstahl jedoch umgehend aufgekl\u00e4rt werden.<\/span><\/p>\n<p style=\"text-align: justify;\"><span style=\"font-size: 16px; color: #000000; line-height: 1.714285714;\">Die \u00dcberlebenden des ersten Abends vertrieben sich den Samstag unter anderem mit Ping-Pong spielen.<\/span><\/p>\n<p style=\"text-align: justify;\"><span style=\"font-size: 16px; color: #000000; line-height: 1.714285714;\">Der Kreativit\u00e4t waren keine Grenzen gesetzt, und so erkundeten drei mutige Spielmannsz\u00fcgler bei einer Runde Cross-Boule den umliegenden Wald. Die nachmitt\u00e4gliche Tretboottour fiel sprichw\u00f6rtlich ins Wasser. Der Pegelstand der Glan war den Veranstaltern zu hoch.<\/span><\/p>\n<p style=\"text-align: justify;\"><span style=\"font-size: 16px; color: #000000; line-height: 1.714285714;\">Der Spaziergang durch die pittoreske Innenstadt von Meisenheim (wir verzichteten auf die akkustische Untermalung der gerade stattfindenden Hochzeit) bot einen gewissen Ausgleich.<\/span><\/p>\n<p style=\"text-align: justify;\"><span style=\"font-size: 16px; color: #000000; line-height: 1.714285714;\">Auch der zweite Abend war ein wahres Feuerwerk: Einige Spiele brachten die Stimmung erneut zum Kochen. Mit kulinarischen K\u00f6stlichkeiten versorgte das K\u00fcchenteam bestehend aus Annemarie Gauer, Udo Schulz und Wilfried Tremmel die hungrigen Teilnehmer. Vampire verfolgten uns in dieser Nacht keine mehr. Danke!<\/span><\/p>\n<p style=\"text-align: justify;\"><span style=\"font-size: 16px; color: #000000; line-height: 1.714285714;\">Seinen Jahrestag erlebte unser Kamerad Mike Sternberger, dem wir an dieser Stelle noch einmal nachtr\u00e4glich recht herzlich zum Geburtstag gratulieren.<\/span><\/p>\n<p style=\"text-align: justify;\"><span style=\"font-size: 16px; color: #000000; line-height: 1.714285714;\">Obwohl Odenbach in der Liste der erdbebengef\u00e4hrdeten Gebiete nicht auftaucht, st\u00fcrzte am Sonntagmorgen unerkl\u00e4rlicherweise ein Zelt ein. Verletzt wurde dabei niemand.<\/span><\/p>\n<p style=\"text-align: justify;\"><span style=\"font-size: 16px; color: #000000; line-height: 1.714285714;\">Der restliche Abbau verlief weitgehend ereignislos, wurde doch keine besondere Hetze an den Tag gelegt.<\/span><\/p>\n<p style=\"text-align: justify;\"><span style=\"font-size: 16px; color: #000000; line-height: 1.714285714;\">All jenen, die vor und hinter den Kulissen tatkr\u00e4ftig mitgeholfen haben, das Zeltlager wieder einmal in ein unvergessliches Erlebnis zu verwandeln, m\u00f6chten wir noch einmal ganz herzlich danken. Ohne euch w\u00e4re es nur halb so lustig geworden!<\/span><\/p>\n<p style=\"text-align: justify;\"><span style=\"font-size: 16px; color: #000000; line-height: 1.714285714;\">Mit musikalischen Gr\u00fc\u00dfen<\/span><\/p>\n<p style=\"text-align: justify;\"><span style=\"font-size: 16px; color: #000000; line-height: 1.714285714;\">Bom-Chicka-Wah-Wah<\/span><\/p>\n<p style=\"text-align: justify;\"><span style=\"font-size: 16px; color: #000000; line-height: 1.714285714;\">Die Spielmannszugjugend<\/span><\/p>\n","protected":false},"excerpt":{"rendered":"<p>Viele Wege f\u00fchren nach . . . Odenbach! Trotz widriger Witterungsverh\u00e4ltnisse (es goss mal wieder in Str\u00f6men) trat der Spielmannszug am 10. August die traditionelle Fahrt ins Zeltlager an. Diesmal mit einem neuen Ziel. Zum Reigen der ber\u00fchmten Weltst\u00e4dte London-Paris-D\u00f6rrmoschel gesellte sich nun ODENBACH! Die Anfahrt durch die hintere Walachei offenbarte die landschaftliche Sch\u00f6nheit der [&hellip;]<\/p>\n","protected":false},"author":1,"featured_media":0,"parent":0,"menu_order":0,"comment_status":"closed","ping_status":"closed","template":"","meta":{"ngg_post_thumbnail":0,"footnotes":""},"categories":[],"tags":[],"class_list":["post-72","page","type-page","status-publish","hentry"],"_links":{"self":[{"href":"https:\/\/tg-spielmannszug.de\/index.php?rest_route=\/wp\/v2\/pages\/72","targetHints":{"allow":["GET"]}}],"collection":[{"href":"https:\/\/tg-spielmannszug.de\/index.php?rest_route=\/wp\/v2\/pages"}],"about":[{"href":"https:\/\/tg-spielmannszug.de\/index.php?rest_route=\/wp\/v2\/types\/page"}],"author":[{"embeddable":true,"href":"https:\/\/tg-spielmannszug.de\/index.php?rest_route=\/wp\/v2\/users\/1"}],"replies":[{"embeddable":true,"href":"https:\/\/tg-spielmannszug.de\/index.php?rest_route=%2Fwp%2Fv2%2Fcomments&post=72"}],"version-history":[{"count":1,"href":"https:\/\/tg-spielmannszug.de\/index.php?rest_route=\/wp\/v2\/pages\/72\/revisions"}],"predecessor-version":[{"id":73,"href":"https:\/\/tg-spielmannszug.de\/index.php?rest_route=\/wp\/v2\/pages\/72\/revisions\/73"}],"wp:attachment":[{"href":"https:\/\/tg-spielmannszug.de\/index.php?rest_route=%2Fwp%2Fv2%2Fmedia&parent=72"}],"wp:term":[{"taxonomy":"category","embeddable":true,"href":"https:\/\/tg-spielmannszug.de\/index.php?rest_route=%2Fwp%2Fv2%2Fcategories&post=72"},{"taxonomy":"post_tag","embeddable":true,"href":"https:\/\/tg-spielmannszug.de\/index.php?rest_route=%2Fwp%2Fv2%2Ftags&post=72"}],"curies":[{"name":"wp","href":"https:\/\/api.w.org\/{rel}","templated":true}]}}