{"id":70,"date":"2023-05-10T04:13:51","date_gmt":"2023-05-10T04:13:51","guid":{"rendered":"https:\/\/tg-spielmannszug.de\/?page_id=70"},"modified":"2023-05-10T04:13:51","modified_gmt":"2023-05-10T04:13:51","slug":"achtelsbach-2013","status":"publish","type":"page","link":"https:\/\/tg-spielmannszug.de\/?page_id=70","title":{"rendered":"Achtelsbach 2013"},"content":{"rendered":"<p><span style=\"color: #000000;\"><strong>Das etwas andere Zeltlager<\/strong><\/span><\/p>\n<p style=\"text-align: justify;\"><span style=\"color: #000000;\">Im Landheim Achtelsbach vom 16.-18. August 2013<\/span><\/p>\n<p style=\"text-align: justify;\"><span style=\"font-size: 16px; color: #000000; line-height: 1.714285714;\">Der Spielmannszug der TG-Waldsee hat sich dieses Jahr entschieden das Zeltlager in eine Herberge an der saarl\u00e4ndischen Grenze, Achtelsbach, zu verlegen. Am Tag der Abreise sind einige schon vorgefahren, die schon einmal K\u00fcche und Tische zum Essen richteten. Als sich schlie\u00dflich die 2te Gruppe von Teilnehmern am Turnerheim getroffen hatte sind auch sie losgefahren, leider war der Fahrweg l\u00e4nger als geplant durch einen Stau, dennoch sind alle mit guter Laune in Achtelsbach angekommen. Als jeder sein Zimmer besetzt hatte gab es auch schon gutes orientalisches Essen der Chefk\u00f6che, Udo, Anne, und Wille. Da das Wetter perfekt mitspielte, wurde der Abend am Lagerfeuer verbracht, an dem so manches lustiges Lied gesungen worden ist und viel gelacht wurde.<\/span><\/p>\n<p style=\"text-align: justify;\"><span style=\"font-size: 16px; color: #000000; line-height: 1.714285714;\">Am Tag darauf gab es geteiltes Programm, einige haben eine Steinkirche besichtigt, w\u00e4hrend andere noch das gute Wetter am See genossen haben. Um ein wenig Teamwork und Spa\u00df in die Reise zu bringen hat sich Rainer Magin mit seinen Kindern lustige Gruppenspiele ausgedacht, die mit Herzblut erf\u00fcllt worden sind. Nat\u00fcrlich gab es viel Tumult und manch Einer wurde auch ein wenig nass. Da auch an diesem Tag das Wetter mitspielte, sa\u00dfen wir wieder am Lagerfeuer bis es doch allm\u00e4hlich zu kalt wurde und wir uns in den Gemeinschaftsraum gesetzt haben. Hier wurde der Abend auch beendet.<\/span><\/p>\n<p style=\"text-align: justify;\"><span style=\"font-size: 16px; color: #000000; line-height: 1.714285714;\">Am Tag der Abreise wurden Zimmer geputzt und Koffer gepackt. Nat\u00fcrlich gab es noch ein hervorragendes Mittagessen. Nachdem man sich dann f\u00fcr die Heimreise gerichtet hatte, um halb 3 ging es dann schlie\u00dflich heim.<\/span><\/p>\n<p style=\"text-align: justify;\"><a href=\"http:\/\/www.landheim-achtelsbach.de\" target=\"_blank\" rel=\"noopener\"><span style=\"font-size: 16px; color: #000000; line-height: 1.714285714;\">http:\/\/www.landheim-achtelsbach.de<\/span><\/a><\/p>\n<p style=\"text-align: justify;\"><span style=\"font-size: 16px; color: #000000; line-height: 1.714285714;\">Lukas Eckrich<\/span><\/p>\n","protected":false},"excerpt":{"rendered":"<p>Das etwas andere Zeltlager Im Landheim Achtelsbach vom 16.-18. August 2013 Der Spielmannszug der TG-Waldsee hat sich dieses Jahr entschieden das Zeltlager in eine Herberge an der saarl\u00e4ndischen Grenze, Achtelsbach, zu verlegen. Am Tag der Abreise sind einige schon vorgefahren, die schon einmal K\u00fcche und Tische zum Essen richteten. Als sich schlie\u00dflich die 2te Gruppe [&hellip;]<\/p>\n","protected":false},"author":1,"featured_media":0,"parent":0,"menu_order":0,"comment_status":"closed","ping_status":"closed","template":"","meta":{"ngg_post_thumbnail":0,"footnotes":""},"categories":[],"tags":[],"class_list":["post-70","page","type-page","status-publish","hentry"],"_links":{"self":[{"href":"https:\/\/tg-spielmannszug.de\/index.php?rest_route=\/wp\/v2\/pages\/70","targetHints":{"allow":["GET"]}}],"collection":[{"href":"https:\/\/tg-spielmannszug.de\/index.php?rest_route=\/wp\/v2\/pages"}],"about":[{"href":"https:\/\/tg-spielmannszug.de\/index.php?rest_route=\/wp\/v2\/types\/page"}],"author":[{"embeddable":true,"href":"https:\/\/tg-spielmannszug.de\/index.php?rest_route=\/wp\/v2\/users\/1"}],"replies":[{"embeddable":true,"href":"https:\/\/tg-spielmannszug.de\/index.php?rest_route=%2Fwp%2Fv2%2Fcomments&post=70"}],"version-history":[{"count":1,"href":"https:\/\/tg-spielmannszug.de\/index.php?rest_route=\/wp\/v2\/pages\/70\/revisions"}],"predecessor-version":[{"id":71,"href":"https:\/\/tg-spielmannszug.de\/index.php?rest_route=\/wp\/v2\/pages\/70\/revisions\/71"}],"wp:attachment":[{"href":"https:\/\/tg-spielmannszug.de\/index.php?rest_route=%2Fwp%2Fv2%2Fmedia&parent=70"}],"wp:term":[{"taxonomy":"category","embeddable":true,"href":"https:\/\/tg-spielmannszug.de\/index.php?rest_route=%2Fwp%2Fv2%2Fcategories&post=70"},{"taxonomy":"post_tag","embeddable":true,"href":"https:\/\/tg-spielmannszug.de\/index.php?rest_route=%2Fwp%2Fv2%2Ftags&post=70"}],"curies":[{"name":"wp","href":"https:\/\/api.w.org\/{rel}","templated":true}]}}