{"id":55,"date":"2023-05-09T10:00:24","date_gmt":"2023-05-09T10:00:24","guid":{"rendered":"https:\/\/tg-spielmannszug.de\/?page_id=55"},"modified":"2023-05-09T10:17:33","modified_gmt":"2023-05-09T10:17:33","slug":"vatertag-2011","status":"publish","type":"page","link":"https:\/\/tg-spielmannszug.de\/?page_id=55","title":{"rendered":"Vatertag 2011"},"content":{"rendered":"<p><span style=\"color: #000000;\"><strong>\u201cBlaue M\u00e4nner\u201d inkognito? Die roten Papas unterwegs<\/strong><\/span><\/p>\n<p style=\"text-align: justify;\"><span style=\"color: #000000;\">Einheitliches Auftreten genie\u00dft beim Spielmannszug einen hohen Stellenwert. Bei Auftritten erscheint der Spielmannszug nat\u00fcrlich ganz im traditionellen wei\u00df. Bei der Vatertagstour in diesem Jahr waren die V\u00e4ter ganz in Rot unterwegs. Verbesserungsw\u00fcrdig ist allerdings die Kopfbedeckung. Es hatte zwar jeder seine Vatertagskappe auf, allerdings waren die bestellten neuen M\u00fctzen mit dem Spmz-Logo noch nicht fertig. Das tat der guten Stimmumg keinen Abbruch. Und Aufsehen erregen 12 rote Fahradfahrer unterwegs auf den Radwegen zwischen Waldsee, Limburgerhof\/Kohlhof, Schifferstadt, Neuhofen, Rheing\u00f6nnheim und Altrip allemal.<\/span><\/p>\n<p style=\"text-align: justify;\"><span style=\"font-size: 16px; color: #000000; line-height: 1.714285714;\">Die erste Rast in Schifferstadt wurde zum Mittagessen genutzt. \u00c4ltere Vatertagsteilnehmer stellten dabei fest, dass bei der diesj\u00e4hrigen Mittagsrast erstmals f\u00fcr jeden Teilnehmer ein Sitzplatz vorhanden war. Das l\u00e4stige Rumstehen um einen einzigen kleinen Tisch und das Warten auf die Weitergabe der ge\u00f6ffneten Leberwurstdose fielen dieses Jahr weg. Auch das Rettisch-Sch\u00e4len f\u00e4llt im Sitzen wesentlich einfacher. Nach der gem\u00fctlichen St\u00e4rkung setzte sich der Tross wieder in Bewegung. In den Gassen von Schiferstadt gab es einen unangemeldeten Besuch bei einer jungen, (am Vatertag) allenstehenden Dame, die \u00fcber den Besuch von 12 durstigen roten M\u00e4nnern mit bunten Kappen nicht schlecht staunte. Bevor ihr Gatte nach Hause kam, war die Spielmannszug-Karavane aber schon weitergezogen. Hin zur n\u00e4chsten Station: dem Ausflugsziel \u201cM\u00fcnchner H\u00e4usl\u201d zwischen Rheing\u00f6nnheim und Altrip. Nach einer angemessenen St\u00e4rkung ging es dann wieder Richtung Heimat \u00fcber Neuhofen mit abschlie\u00dfender Rast im Naturfreundehaus. Gerade die konditionsstarken V\u00e4ter -jeder hatte bis dahin knapp 35 km in den Beinen- hatten hier noch einen etwas l\u00e4ngeren Aufenthalt.<\/span><\/p>\n<p style=\"text-align: justify;\"><span style=\"font-size: 16px; color: #000000; line-height: 1.714285714;\">Auff\u00e4llig war, dass in diesem Jahr viele V\u00e4ter gemeinsam mit Ihren S\u00f6hnen auf der Tour dabei waren. So zum Beispiel Papa Ottmar mit S\u00f6hnchen Udo, Papa Sterni mit S\u00f6hnchen Mike, Papa Nelly mit Sohnemann Linus. Das Ganze wurde abgerundet durch Opa Alois mit S\u00f6hnchen Ralf und Enkelin Elisa, die \u00fcbrigens die einzige Frau beim Vatertag 2011 war. Spa\u00df hat es allen gemacht, auch denen die ohne ihre Papas dabei sein durften.<\/span><\/p>\n<p style=\"text-align: justify;\"><span style=\"font-size: 16px; color: #000000; line-height: 1.714285714;\">Reiner Magin<\/span><\/p>\n","protected":false},"excerpt":{"rendered":"<p>\u201cBlaue M\u00e4nner\u201d inkognito? Die roten Papas unterwegs Einheitliches Auftreten genie\u00dft beim Spielmannszug einen hohen Stellenwert. Bei Auftritten erscheint der Spielmannszug nat\u00fcrlich ganz im traditionellen wei\u00df. Bei der Vatertagstour in diesem Jahr waren die V\u00e4ter ganz in Rot unterwegs. Verbesserungsw\u00fcrdig ist allerdings die Kopfbedeckung. Es hatte zwar jeder seine Vatertagskappe auf, allerdings waren die bestellten neuen [&hellip;]<\/p>\n","protected":false},"author":1,"featured_media":0,"parent":0,"menu_order":0,"comment_status":"closed","ping_status":"closed","template":"","meta":{"ngg_post_thumbnail":0,"footnotes":""},"categories":[],"tags":[],"class_list":["post-55","page","type-page","status-publish","hentry"],"_links":{"self":[{"href":"https:\/\/tg-spielmannszug.de\/index.php?rest_route=\/wp\/v2\/pages\/55","targetHints":{"allow":["GET"]}}],"collection":[{"href":"https:\/\/tg-spielmannszug.de\/index.php?rest_route=\/wp\/v2\/pages"}],"about":[{"href":"https:\/\/tg-spielmannszug.de\/index.php?rest_route=\/wp\/v2\/types\/page"}],"author":[{"embeddable":true,"href":"https:\/\/tg-spielmannszug.de\/index.php?rest_route=\/wp\/v2\/users\/1"}],"replies":[{"embeddable":true,"href":"https:\/\/tg-spielmannszug.de\/index.php?rest_route=%2Fwp%2Fv2%2Fcomments&post=55"}],"version-history":[{"count":1,"href":"https:\/\/tg-spielmannszug.de\/index.php?rest_route=\/wp\/v2\/pages\/55\/revisions"}],"predecessor-version":[{"id":56,"href":"https:\/\/tg-spielmannszug.de\/index.php?rest_route=\/wp\/v2\/pages\/55\/revisions\/56"}],"wp:attachment":[{"href":"https:\/\/tg-spielmannszug.de\/index.php?rest_route=%2Fwp%2Fv2%2Fmedia&parent=55"}],"wp:term":[{"taxonomy":"category","embeddable":true,"href":"https:\/\/tg-spielmannszug.de\/index.php?rest_route=%2Fwp%2Fv2%2Fcategories&post=55"},{"taxonomy":"post_tag","embeddable":true,"href":"https:\/\/tg-spielmannszug.de\/index.php?rest_route=%2Fwp%2Fv2%2Ftags&post=55"}],"curies":[{"name":"wp","href":"https:\/\/api.w.org\/{rel}","templated":true}]}}