{"id":53,"date":"2023-05-09T09:59:48","date_gmt":"2023-05-09T09:59:48","guid":{"rendered":"https:\/\/tg-spielmannszug.de\/?page_id=53"},"modified":"2023-05-09T09:59:48","modified_gmt":"2023-05-09T09:59:48","slug":"vatertag-2010","status":"publish","type":"page","link":"https:\/\/tg-spielmannszug.de\/?page_id=53","title":{"rendered":"Vatertag 2010"},"content":{"rendered":"<p><span style=\"color: #000000;\"><strong>Die Tour der Verluste<\/strong><\/span><\/p>\n<p style=\"text-align: justify;\"><span style=\"color: #000000;\">Anfangs trafen sich 15 Spielmannsz\u00fcgler um 10:00 Uhr bei unserem Stabf\u00fchrer Sterni. Bevor wir unsere Tour beginnen konnten, mussten wir auf Walter B. warten, der wie alle Jahre zuvor f\u00fcr das leibliche Wohl (die Rettiche) sorgte. Als der Rettichbote eingetroffen war, begann voller Elan unsere Vatertagstour 2010.<\/span><\/p>\n<p style=\"text-align: justify;\"><span style=\"font-size: 16px; color: #000000; line-height: 1.714285714;\">Selbst hartgesottenen Spielmannsz\u00fcglern waren manche Wege unbekannt, \u00fcber diese wir schlie\u00dflich nach Speyer an den Rhein gelangten, wo wir unsere wohlverdiente Mittagspause einlegten. Dort angekommen war der kleine Linus v\u00f6llig ausgefroren, da sein Vater Nelly nur f\u00fcr sich an die langen Unterhosen gedacht hatte. Wie alle Jahre st\u00e4rkten wir uns mit Dosenwurst und Rettich gepaart mit fl\u00fcssiger Nahrung. Der kleine Nelly brachte sein Spielger\u00e4t, einen Ball, in die Runde. Dieser wurde seltsamerweise von Jung und Alt als abwechslungsreiche Gaudi aufgenommen. Zu Jedermann \u00dcberraschung stellten sich die bis dahin unentdeckten fu\u00dfballerischen Talente eines jahrelang von H\u00fcftleiden geplagten Mannes heraus. Aufgrund der schlechten Wetterverh\u00e4ltnisse beschloss Nelly seinen Sohn in die trockene Heimat zur\u00fcck nach Waldsee zu fahren. Nun waren wir nur noch 13 Radler, unter anderem die wackere Elisa.<\/span><\/p>\n<p style=\"text-align: justify;\"><span style=\"font-size: 16px; color: #000000; line-height: 1.714285714;\">Daraufhin setzte die Vatertagsgruppe trotz des schlecht aufkommenden Wetters die Fahrt in das n\u00e4chste Gasthaus fort. Als wir an dem gro\u00dfen Wasser (dem Rhein) ankamen, mussten wir unsere Fahrt f\u00fcr eine kleine Pinkelpause unterbrechen, weil die F\u00e4hre sich gerade am anderen Ufer befand. Zu allem \u00dcberfluss fing es auf der \u00dcberfahrt an zu regnen. Dr\u00fcben angekommen nahmen wir Kurs auf das Naturfreundehaus Waagbachh\u00e4usel in Altlu\u00dfheim. Klein Elisa wurde vom Hunger \u00fcberw\u00e4ltigt und bekam eine Portion Pommes zur Zwischenspeise. Da diese jedoch viel zu hei\u00df war f\u00fcr diesen kleinen Gaumen, stach sie ihr Vater Ralf K. mit der Gabel ein, um die Oberfl\u00e4che zu vergr\u00f6\u00dfern. Diese Aktion wurde ausf\u00fchrlich diskutiert, aber von keinem der anwesenden Musikanten so richtig verstanden.<\/span><\/p>\n<p style=\"text-align: justify;\"><span style=\"font-size: 16px; color: #000000; line-height: 1.714285714;\">Wieder gest\u00e4rkt mussten wir trotz str\u00f6menden Regens die Heimfahrt anstreben, da keine Besserung der \u00e4u\u00dferen Bedingungen in Sicht war. Ohne Zwischenstopps, au\u00dfer einem ungl\u00fccklichen Sturz unseres einzigen n\u00fcchtern gebliebenen Vereinsmitgliedes Nils K. durch Fremdeinwirkung des Gegenverkehrs fuhren wir auf direktem Wege die Heimat nach Waldsee an, wo wir unsere Tour 2010 beendeten.<\/span><\/p>\n<p style=\"text-align: justify;\"><span style=\"font-size: 16px; color: #000000; line-height: 1.714285714;\">Zu Hause angekommen waren wir bis auf die Haut durchn\u00e4sst und sehnten uns nach einer hei\u00dfen Dusche. Trotz allem war es eine sehr gelungene, spa\u00dfige und erlebnisreichende Radtour. Einen besonderen Dank gilt unserem Routenf\u00fchrer Walter G., der wie immer eine klasse Tour gew\u00e4hlt hatte.<\/span><\/p>\n<p style=\"text-align: justify;\"><span style=\"font-size: 16px; color: #000000; line-height: 1.714285714;\">Nils Kochner + Mike Sternberger<\/span><\/p>\n","protected":false},"excerpt":{"rendered":"<p>Die Tour der Verluste Anfangs trafen sich 15 Spielmannsz\u00fcgler um 10:00 Uhr bei unserem Stabf\u00fchrer Sterni. Bevor wir unsere Tour beginnen konnten, mussten wir auf Walter B. warten, der wie alle Jahre zuvor f\u00fcr das leibliche Wohl (die Rettiche) sorgte. Als der Rettichbote eingetroffen war, begann voller Elan unsere Vatertagstour 2010. Selbst hartgesottenen Spielmannsz\u00fcglern waren [&hellip;]<\/p>\n","protected":false},"author":1,"featured_media":0,"parent":0,"menu_order":0,"comment_status":"closed","ping_status":"closed","template":"","meta":{"ngg_post_thumbnail":0,"footnotes":""},"categories":[],"tags":[],"class_list":["post-53","page","type-page","status-publish","hentry"],"_links":{"self":[{"href":"https:\/\/tg-spielmannszug.de\/index.php?rest_route=\/wp\/v2\/pages\/53","targetHints":{"allow":["GET"]}}],"collection":[{"href":"https:\/\/tg-spielmannszug.de\/index.php?rest_route=\/wp\/v2\/pages"}],"about":[{"href":"https:\/\/tg-spielmannszug.de\/index.php?rest_route=\/wp\/v2\/types\/page"}],"author":[{"embeddable":true,"href":"https:\/\/tg-spielmannszug.de\/index.php?rest_route=\/wp\/v2\/users\/1"}],"replies":[{"embeddable":true,"href":"https:\/\/tg-spielmannszug.de\/index.php?rest_route=%2Fwp%2Fv2%2Fcomments&post=53"}],"version-history":[{"count":1,"href":"https:\/\/tg-spielmannszug.de\/index.php?rest_route=\/wp\/v2\/pages\/53\/revisions"}],"predecessor-version":[{"id":54,"href":"https:\/\/tg-spielmannszug.de\/index.php?rest_route=\/wp\/v2\/pages\/53\/revisions\/54"}],"wp:attachment":[{"href":"https:\/\/tg-spielmannszug.de\/index.php?rest_route=%2Fwp%2Fv2%2Fmedia&parent=53"}],"wp:term":[{"taxonomy":"category","embeddable":true,"href":"https:\/\/tg-spielmannszug.de\/index.php?rest_route=%2Fwp%2Fv2%2Fcategories&post=53"},{"taxonomy":"post_tag","embeddable":true,"href":"https:\/\/tg-spielmannszug.de\/index.php?rest_route=%2Fwp%2Fv2%2Ftags&post=53"}],"curies":[{"name":"wp","href":"https:\/\/api.w.org\/{rel}","templated":true}]}}