{"id":51,"date":"2023-05-09T09:59:11","date_gmt":"2023-05-09T09:59:11","guid":{"rendered":"https:\/\/tg-spielmannszug.de\/?page_id=51"},"modified":"2023-05-09T09:59:11","modified_gmt":"2023-05-09T09:59:11","slug":"vatertag-2007","status":"publish","type":"page","link":"https:\/\/tg-spielmannszug.de\/?page_id=51","title":{"rendered":"Vatertag 2007"},"content":{"rendered":"<p><span style=\"color: #000000;\"><strong>Nix is sch\u00e4nner wie \u00e4 Fahrt mit M\u00e4nner!<\/strong><\/span><\/p>\n<p style=\"text-align: justify;\"><span style=\"font-size: 16px; line-height: 1.714285714;\">Nach einer anstrengenden Anfahrt (mit und ohne Rad) trafen sich 11 motivierte Spielmannsz\u00fcgler zur j\u00e4hrlichen Vatertagstour, Treffpunkt war dieses Jahr beim Geburtstagskind Walter P. aus W.<\/span><\/p>\n<p style=\"text-align: justify;\"><span style=\"color: #000000;\">Ein gro\u00dfes Lob galt von Anfang an dem Tourenf\u00fchrer f\u00fcr die beste Tourenstrecke seit Jahren: kein platter Reifen, keine Fahrradpannen, keine Personenverluste. Ohne sich ein einziges Mal zu verfahren erreichten alle das Ziel zwischen Teich und Palmen. Leicht nass wurde ein erstes Geburtstagsst\u00e4ndchen dargebracht auf welches noch viele weitere folgen sollten. Aufgrund der ung\u00fcnstigen Witterung wurde eine erste St\u00e4rkung begonnen. Da der Regen leider anhielt wurde zur \u00e4u\u00dferen auch die innere Trockenheit wagemutig bek\u00e4mpft. Auch nach stundenlangem Warten wurde das Wetter nicht besser, also wurde der mitgebrachte obligatorische Vatertagsvorrat ausgepackt und frohen Mutes vernichtet. Mehrer Rettiche und Hausmacher-Dosen fielen dem Hunger der ausgezehrten Radfahrer zum Opfer. Die Gastgeber n\u00f6tigten trotz heftigster Gegenwehr alle G\u00e4ste zum Verzehr diverser alkoholischer Getr\u00e4nke (\u201eWar besser wie Flatrate- Saufen!\u201c). A.K. mu\u00dfte daher den Heimweg sp\u00e4ter zu Fu\u00df antreten. Eventuell auftretende Ger\u00fcchte, dies h\u00e4tte er sowieso gemu\u00dft da er sein Rad gleich daheim gelassen hatte, sind v\u00f6llig aus der Luft gegriffen. Auch ein gerade abgek\u00fchlter Kuchen wurde den aufbruchwilligen blauen M\u00e4nnern aufgedr\u00e4ngt. Jeder Anrufer des Geburtstagskindes wurde von einem fr\u00f6hlichen St\u00e4ndchen begr\u00fc\u00dft. Auch die am sp\u00e4ten Mittag nach und nach eintreffende Verwandtschaft wurde musikalisch begr\u00fc\u00dft, in der Hoffnung, sie zu verscheuchen, so dass mehr Essen f\u00fcr die Spielmannsz\u00fcgler bliebe.<\/span><\/p>\n<p style=\"text-align: justify;\"><span style=\"font-size: 16px; color: #000000; line-height: 1.714285714;\">Obwohl das Wetter die eigentlich geplante Fahrradtour nicht zulie\u00df und so der gesamte Tag zwar im Freien, aber auf einer Terrasse zugebracht wurde, war es doch ein lustiger Tag. Ein abschlie\u00dfendes Wort von Sterni: \u201e Schee, aber n\u00e4chstes Mal sitzt jemand anders vor der Palme!\u201c<\/span><\/p>\n<p style=\"text-align: justify;\"><span style=\"font-size: 16px; color: #000000; line-height: 1.714285714;\">Katrin Piejko, nach Kommentaren und Vorschl\u00e4gen aller anwesenden blauen M\u00e4nner<\/span><\/p>\n","protected":false},"excerpt":{"rendered":"<p>Nix is sch\u00e4nner wie \u00e4 Fahrt mit M\u00e4nner! Nach einer anstrengenden Anfahrt (mit und ohne Rad) trafen sich 11 motivierte Spielmannsz\u00fcgler zur j\u00e4hrlichen Vatertagstour, Treffpunkt war dieses Jahr beim Geburtstagskind Walter P. aus W. Ein gro\u00dfes Lob galt von Anfang an dem Tourenf\u00fchrer f\u00fcr die beste Tourenstrecke seit Jahren: kein platter Reifen, keine Fahrradpannen, keine [&hellip;]<\/p>\n","protected":false},"author":1,"featured_media":0,"parent":0,"menu_order":0,"comment_status":"closed","ping_status":"closed","template":"","meta":{"ngg_post_thumbnail":0,"footnotes":""},"categories":[],"tags":[],"class_list":["post-51","page","type-page","status-publish","hentry"],"_links":{"self":[{"href":"https:\/\/tg-spielmannszug.de\/index.php?rest_route=\/wp\/v2\/pages\/51","targetHints":{"allow":["GET"]}}],"collection":[{"href":"https:\/\/tg-spielmannszug.de\/index.php?rest_route=\/wp\/v2\/pages"}],"about":[{"href":"https:\/\/tg-spielmannszug.de\/index.php?rest_route=\/wp\/v2\/types\/page"}],"author":[{"embeddable":true,"href":"https:\/\/tg-spielmannszug.de\/index.php?rest_route=\/wp\/v2\/users\/1"}],"replies":[{"embeddable":true,"href":"https:\/\/tg-spielmannszug.de\/index.php?rest_route=%2Fwp%2Fv2%2Fcomments&post=51"}],"version-history":[{"count":1,"href":"https:\/\/tg-spielmannszug.de\/index.php?rest_route=\/wp\/v2\/pages\/51\/revisions"}],"predecessor-version":[{"id":52,"href":"https:\/\/tg-spielmannszug.de\/index.php?rest_route=\/wp\/v2\/pages\/51\/revisions\/52"}],"wp:attachment":[{"href":"https:\/\/tg-spielmannszug.de\/index.php?rest_route=%2Fwp%2Fv2%2Fmedia&parent=51"}],"wp:term":[{"taxonomy":"category","embeddable":true,"href":"https:\/\/tg-spielmannszug.de\/index.php?rest_route=%2Fwp%2Fv2%2Fcategories&post=51"},{"taxonomy":"post_tag","embeddable":true,"href":"https:\/\/tg-spielmannszug.de\/index.php?rest_route=%2Fwp%2Fv2%2Ftags&post=51"}],"curies":[{"name":"wp","href":"https:\/\/api.w.org\/{rel}","templated":true}]}}