{"id":35,"date":"2023-05-09T03:30:07","date_gmt":"2023-05-09T03:30:07","guid":{"rendered":"https:\/\/tg-spielmannszug.de\/?page_id=35"},"modified":"2023-05-09T03:31:16","modified_gmt":"2023-05-09T03:31:16","slug":"ueber-uns","status":"publish","type":"page","link":"https:\/\/tg-spielmannszug.de\/?page_id=35","title":{"rendered":"\u00dcber uns"},"content":{"rendered":"<p style=\"text-align: justify;\"><strong><span style=\"color: #000000;\">Was ist ein Spielmannszug?<\/span><\/strong><\/p>\n<p style=\"text-align: justify;\"><span style=\"font-size: 16px; color: #000000; line-height: 1.714285714;\">Spielmannsz\u00fcge haben eine Jahrhunderte alte Geschichte. Der Ausdruck &#8220;Spielmann&#8220; und das sog. \u201ePfeiferrecht\u201c l\u00e4sst sich bis ins achte Jahrhundert zur\u00fcckverfolgen. Aufzeichnungen aus dem 13. Jahrhundert ist zu entnehmen, dass Fl\u00f6te und Trommel gemeinsam gespielt wurden (ein sog. \u201eSpyl\u201c). Aus der Urform mit Fl\u00f6ten und Trommeln entwickelte sich der Spielmannszug zu seiner heutigen Form: Fanfaren, Trommeln, Fl\u00f6ten, Lyren (Glockenspiel) in verschiedensten Stimmen ergeben den heutzutage so beliebten und mitrei\u00dfenden Klang eines Spielmannszuges. Horn-, Fl\u00f6ten- und Trompetensignale sind schon fr\u00fchzeitig aus dem Milit\u00e4rwesen bekannt. Aufm\u00e4rsche, Gefechts- und Alarm\u00fcbungen wurden im Gleichschritt vorgenommen, unterst\u00fctzt durch das Spielen von Fl\u00f6ten und anderen Blasinstrumenten sowie den Trommelschlag. Der Spielmannszug hat schon immer Menschen aller Altersgruppen begeistert &#8211; sei es als Untermalung bei diversen Festen oder bei Soloauftritten. Spielmannsz\u00fcge erfreuen sich gro\u00dfer Beliebtheit, sowohl beim Publikum als auch bei den Spielleuten. Mit den aufkommenden Turnfesten und den damit verbundenen Festumz\u00fcgen kommt die Spielmannsmusik zum Turnen. Sie entwickelt sich vom milit\u00e4rischen Ursprung der Marschunterst\u00fctzung hin zum konzertanten Musizieren. So spielen in der Deutsche Turnerschaft 1922 in Leipzig 220, 1925 in Frankfurt 2.000, 1926 wieder in Leipzig 4.200 Spielleute auf.<\/span><\/p>\n<p style=\"text-align: justify;\"><strong><span style=\"font-size: 16px; color: #000000; line-height: 1.714285714;\">Warum \u201eganz in wei\u00df\u201c?<\/span><\/strong><\/p>\n<p style=\"text-align: justify;\"><span style=\"font-size: 16px; color: #000000; line-height: 1.714285714;\">Die Spielmannsz\u00fcge im ATSB, dem Arbeiter Turn und Sportbund, waren sehr straff organisiert. Es gab einheitliche Ausbildungsrichtlinien, die das Spielen nach Noten zur Pflicht machten. Pflichtm\u00e4rsche waren vorgeschrieben, um das Zusammenspiel im gro\u00dfen Verband zu gew\u00e4hrleisten. Um die Einheit auch nach au\u00dfen zu dokumentieren wurde die wei\u00dfe Bundestracht, lange wei\u00dfe Hose, wei\u00dfes Hemd mit offenem Kragen, eingef\u00fchrt. Dieser Tradition bleiben wir auch seit der Gr\u00fcndung des Spielmannszuges treu.<\/span><\/p>\n<p style=\"text-align: justify;\"><strong><span style=\"color: #000000;\">Die Anf\u00e4nge<\/span><\/strong><\/p>\n<p style=\"text-align: justify;\"><span style=\"color: #000000;\">D<\/span><span style=\"color: #000000;\">er Spielmannszug Waldsee wurde im Jahre 1952 gegr\u00fcndet und feierte 2002 mit zahlreichen Gastvereinen sein 50j\u00e4hriges Bestehen.<\/span><\/p>\n<p style=\"text-align: justify;\"><span style=\"font-size: 16px; color: #000000; line-height: 1.714285714;\">Damals noch ohne Fanfaren, war der erste \u00f6ffentliche Auftritt, unter der Leitung von Karl Gr\u00fcn, die Teilnahme am Umzug zum 30-j\u00e4hrigen Jubil\u00e4um der TG-Waldsee.<\/span><\/p>\n<p style=\"text-align: justify;\"><span style=\"color: #000000;\">Mit dem Spielmannszug Waldsee wird eine alte Tradition der Marschmusik mit Querfl\u00f6ten, Landsknecht \u2013 und Paradetrommeln, sowie reinen Naturfanfaren hochgehalten und weiterentwickelt. Ebenso zeugt die wei\u00dfe Kleiderordnung von langj\u00e4hriger Mitgliedschaft im Deutschen Turnerbund.<\/span><\/p>\n<p style=\"text-align: justify;\"><strong><span style=\"font-size: 16px; color: #000000; line-height: 1.714285714;\">Gr\u00fcndungsmitglieder des Spielmannszuges waren<\/span><\/strong><\/p>\n<ul>\n<li style=\"list-style-type: none;\">\n<ul>\n<li><span style=\"font-size: 16px; color: #000000; line-height: 1.714285714;\">Strohmenger Herbert<\/span><\/li>\n<li><span style=\"font-size: 16px; color: #000000; line-height: 1.714285714;\">Zickgraf Theo<\/span><\/li>\n<li><span style=\"font-size: 16px; color: #000000; line-height: 1.714285714;\">Schlosser Eduard<\/span><\/li>\n<li><span style=\"font-size: 16px; color: #000000; line-height: 1.714285714;\">Gr\u00fcn Karl<\/span><\/li>\n<li><span style=\"font-size: 16px; color: #000000; line-height: 1.714285714;\">Rennholz Werner<\/span><\/li>\n<li><span style=\"font-size: 16px; color: #000000; line-height: 1.714285714;\">Magin Karl<\/span><\/li>\n<li><span style=\"font-size: 16px; color: #000000; line-height: 1.714285714;\">Beh Werner<\/span><\/li>\n<li><span style=\"font-size: 16px; color: #000000; line-height: 1.714285714;\">Rennholz Kurt<\/span><\/li>\n<li><span style=\"font-size: 16px; color: #000000; line-height: 1.714285714;\">Koch Hans<\/span><\/li>\n<li><span style=\"font-size: 16px; color: #000000; line-height: 1.714285714;\">Schwaninger Theo<\/span><\/li>\n<li><span style=\"font-size: 16px; color: #000000; line-height: 1.714285714;\">Hoffelder Alois<\/span><\/li>\n<li><span style=\"font-size: 16px; color: #000000; line-height: 1.714285714;\">Schwaninger Alois<\/span><\/li>\n<li><span style=\"font-size: 16px; color: #000000; line-height: 1.714285714;\">Gr\u00e4f Hans<\/span><\/li>\n<li><span style=\"font-size: 16px; color: #000000; line-height: 1.714285714;\">Kochner Joseph<\/span><\/li>\n<li><span style=\"font-size: 16px; color: #000000; line-height: 1.714285714;\">Spie\u00dfberger Horst<\/span><\/li>\n<li><span style=\"font-size: 16px; color: #000000; line-height: 1.714285714;\">Zinser Fritz<\/span><\/li>\n<li><span style=\"font-size: 16px; color: #000000; line-height: 1.714285714;\">Claus Theo<\/span><\/li>\n<li><span style=\"font-size: 16px; color: #000000; line-height: 1.714285714;\">Knittel Richard<\/span><\/li>\n<\/ul>\n<\/li>\n<\/ul>\n<p style=\"text-align: justify;\"><strong><span style=\"font-size: 16px; color: #000000; line-height: 1.714285714;\">Die Stabf\u00fchrer<\/span><\/strong><\/p>\n<p style=\"text-align: justify;\"><span style=\"color: #000000;\">Seit Bestehen des Spielmannszuges im Jahre 1952 gab es einige Stabf\u00fchrer.<\/span><\/p>\n<p style=\"text-align: justify;\"><span style=\"color: #000000;\">Hier die Personen im Einzelnen und die Zeit, in der Sie das \u201cZepter\u201d f\u00fchrten:<\/span><\/p>\n<ul>\n<li style=\"list-style-type: none;\">\n<ul>\n<li><span style=\"font-size: 16px; color: #000000; line-height: 1.714285714;\">Karl Gr\u00fcn 1952-1956<\/span><\/li>\n<li><span style=\"font-size: 16px; color: #000000; line-height: 1.714285714;\">Werner Rennholz 1956-1973<\/span><\/li>\n<li><span style=\"font-size: 16px; color: #000000; line-height: 1.714285714;\">Otmar Schulz 1973-1990<\/span><\/li>\n<li><span style=\"font-size: 16px; color: #000000; line-height: 1.714285714;\">Walter Balbach 1990-2000<\/span><\/li>\n<li><span style=\"font-size: 16px; color: #000000; line-height: 1.714285714;\">Klaus &#8222;Sterni&#8220; Sternberger 2000-2014<\/span><\/li>\n<li><span style=\"color: #000000;\">Reiner Magin 2014-2020<\/span><\/li>\n<\/ul>\n<\/li>\n<\/ul>\n<p style=\"text-align: justify;\"><strong><span style=\"font-size: 16px; color: #000000; line-height: 1.714285714;\">Der Spielmannszug heute<\/span><\/strong><\/p>\n<p style=\"text-align: justify;\"><span style=\"font-size: 16px; color: #000000; line-height: 1.714285714;\">Der Spielmannszug steht heute unter der musikalischen Leitung von Reiner Magin und Ralf Kochner.<\/span><\/p>\n<p style=\"text-align: justify;\"><span style=\"color: #000000;\">Mit vielen Auftritten tr\u00e4gt der Spielmannszug die Farben der TG Waldsee weit \u00fcber die Grenzen der Rheingemeinde hinaus.<\/span><\/p>\n<p style=\"text-align: justify;\"><span style=\"color: #000000;\">Nicht zu vergessen sind die zahlreichen Aktivit\u00e4ten au\u00dferhalb der Auftritte. Zu erw\u00e4hnen sind hier vor allem das Engagement bei Faschingsveranstaltungen, der Vatertagstour, dem Jugendzeltlager, dem Musikerseminar, dem Schlachtfest, der Weihnachtsfeier, dem Kameradschaftsabend und bei vielem mehr.<\/span><\/p>\n","protected":false},"excerpt":{"rendered":"<p>Was ist ein Spielmannszug? Spielmannsz\u00fcge haben eine Jahrhunderte alte Geschichte. Der Ausdruck &#8220;Spielmann&#8220; und das sog. \u201ePfeiferrecht\u201c l\u00e4sst sich bis ins achte Jahrhundert zur\u00fcckverfolgen. Aufzeichnungen aus dem 13. Jahrhundert ist zu entnehmen, dass Fl\u00f6te und Trommel gemeinsam gespielt wurden (ein sog. \u201eSpyl\u201c). Aus der Urform mit Fl\u00f6ten und Trommeln entwickelte sich der Spielmannszug zu seiner [&hellip;]<\/p>\n","protected":false},"author":1,"featured_media":0,"parent":0,"menu_order":0,"comment_status":"closed","ping_status":"closed","template":"","meta":{"ngg_post_thumbnail":0,"footnotes":""},"categories":[],"tags":[],"class_list":["post-35","page","type-page","status-publish","hentry"],"_links":{"self":[{"href":"https:\/\/tg-spielmannszug.de\/index.php?rest_route=\/wp\/v2\/pages\/35","targetHints":{"allow":["GET"]}}],"collection":[{"href":"https:\/\/tg-spielmannszug.de\/index.php?rest_route=\/wp\/v2\/pages"}],"about":[{"href":"https:\/\/tg-spielmannszug.de\/index.php?rest_route=\/wp\/v2\/types\/page"}],"author":[{"embeddable":true,"href":"https:\/\/tg-spielmannszug.de\/index.php?rest_route=\/wp\/v2\/users\/1"}],"replies":[{"embeddable":true,"href":"https:\/\/tg-spielmannszug.de\/index.php?rest_route=%2Fwp%2Fv2%2Fcomments&post=35"}],"version-history":[{"count":3,"href":"https:\/\/tg-spielmannszug.de\/index.php?rest_route=\/wp\/v2\/pages\/35\/revisions"}],"predecessor-version":[{"id":38,"href":"https:\/\/tg-spielmannszug.de\/index.php?rest_route=\/wp\/v2\/pages\/35\/revisions\/38"}],"wp:attachment":[{"href":"https:\/\/tg-spielmannszug.de\/index.php?rest_route=%2Fwp%2Fv2%2Fmedia&parent=35"}],"wp:term":[{"taxonomy":"category","embeddable":true,"href":"https:\/\/tg-spielmannszug.de\/index.php?rest_route=%2Fwp%2Fv2%2Fcategories&post=35"},{"taxonomy":"post_tag","embeddable":true,"href":"https:\/\/tg-spielmannszug.de\/index.php?rest_route=%2Fwp%2Fv2%2Ftags&post=35"}],"curies":[{"name":"wp","href":"https:\/\/api.w.org\/{rel}","templated":true}]}}