{"id":28,"date":"2023-05-08T07:57:03","date_gmt":"2023-05-08T07:57:03","guid":{"rendered":"https:\/\/tg-spielmannszug.de\/?page_id=28"},"modified":"2023-05-31T08:26:01","modified_gmt":"2023-05-31T08:26:01","slug":"impressum","status":"publish","type":"page","link":"https:\/\/tg-spielmannszug.de\/?page_id=28","title":{"rendered":"Impressum"},"content":{"rendered":"<p><span style=\"font-weight: 400;\">TG Waldsee<\/span><span style=\"font-weight: 400;\"><br \/>\n<\/span><span style=\"font-weight: 400;\">Vereinslokal im W\u00f6rth<\/span><span style=\"font-weight: 400;\"><br \/>\n<\/span><span style=\"font-weight: 400;\">67165 Waldsee<\/span><span style=\"font-weight: 400;\"><br \/>\n<\/span><span style=\"font-weight: 400;\">Tel: 06236-1320<\/span><span style=\"font-weight: 400;\"><br \/>\n<\/span><a href=\"https:\/\/www.tg-waldsee.de\/\"><span style=\"font-weight: 400;\">www.tg-waldsee.de<\/span><span style=\"font-weight: 400;\"><br \/>\n<\/span><\/a><span style=\"font-weight: 400;\">info@tg-waldsee.de<\/span><\/p>\n<p><span style=\"font-weight: 400;\">Vertretungsberechtigter Vorstand: Tobias Keller (Vorsitzender)<\/span><span style=\"font-weight: 400;\"><br \/>\n<\/span><span style=\"font-weight: 400;\">Registergericht: Amtsgericht Ludwigshafen<\/span><span style=\"font-weight: 400;\"><br \/>\n<\/span><span style=\"font-weight: 400;\">Registernummer: VR 498 SP<\/span><span style=\"font-weight: 400;\"><br \/>\n<\/span><span style=\"font-weight: 400;\">Umsatzsteuer-Identifikationsnummer: 41\/672\/0036\/9<\/span><span style=\"font-weight: 400;\"><br \/>\n<\/span><span style=\"font-weight: 400;\">Inhaltlich Verantwortlicher gem\u00e4\u00df \u00a7 6 MDStV: Tobias Keller<\/span><\/p>\n<p><span style=\"font-weight: 400;\">Haftungshinweis: Trotz sorgf\u00e4ltiger inhaltlicher Kontrolle \u00fcbernehmen wir keine Haftung f\u00fcr die Inhalte externer Links. F\u00fcr den Inhalt der verlinkten Seiten sind ausschlie\u00dflich deren Betreiber verantwortlich.<\/span><\/p>\n<p><span style=\"font-weight: 400;\">Alle Texte, Bilder, Grafiken, Symbole und Designelemente der Seite unterliegen den Bestimmungen des Urheberrecht. Diese Objekte d\u00fcrfen nur nach ausdr\u00fccklicher Genehmigung des Webmasters bzw. des jeweiligen Urheberrechts-Inhabers kopiert, vervielf\u00e4ltigt und an anderer Stelle (z.B. in anderen Web-Seiten) ver\u00f6ffentlicht werden.<\/span><\/p>\n<p><span style=\"font-weight: 400;\">Es besteht keine Garantie f\u00fcr die Aktualit\u00e4t und dauerhafte Verf\u00fcgbarkeit dieser Webseite. Trotz aller Bem\u00fchungen um korrekte Angaben aller Art kann f\u00fcr deren Richtigkeit und Vollst\u00e4ndigkeit keinerlei Gew\u00e4hr \u00fcbernommen werden.<\/span><\/p>\n<p><span style=\"font-weight: 400;\">Ein Rechts- oder Ersatzanspruch aufgrund falscher oder unvollst\u00e4ndieger Darstellungen (soweit sie nicht Ehren- oder Sittenrechte bzw. sonstige Gesetze verletzen) wird hiermit zur\u00fcckgewiesen.<\/span><\/p>\n","protected":false},"excerpt":{"rendered":"<p>TG Waldsee Vereinslokal im W\u00f6rth 67165 Waldsee Tel: 06236-1320 www.tg-waldsee.de info@tg-waldsee.de Vertretungsberechtigter Vorstand: Tobias Keller (Vorsitzender) Registergericht: Amtsgericht Ludwigshafen Registernummer: VR 498 SP Umsatzsteuer-Identifikationsnummer: 41\/672\/0036\/9 Inhaltlich Verantwortlicher gem\u00e4\u00df \u00a7 6 MDStV: Tobias Keller Haftungshinweis: Trotz sorgf\u00e4ltiger inhaltlicher Kontrolle \u00fcbernehmen wir keine Haftung f\u00fcr die Inhalte externer Links. F\u00fcr den Inhalt der verlinkten Seiten sind ausschlie\u00dflich [&hellip;]<\/p>\n","protected":false},"author":1,"featured_media":0,"parent":0,"menu_order":0,"comment_status":"closed","ping_status":"closed","template":"","meta":{"ngg_post_thumbnail":0,"footnotes":""},"categories":[5],"tags":[],"class_list":["post-28","page","type-page","status-publish","hentry","category-hinweise"],"_links":{"self":[{"href":"https:\/\/tg-spielmannszug.de\/index.php?rest_route=\/wp\/v2\/pages\/28","targetHints":{"allow":["GET"]}}],"collection":[{"href":"https:\/\/tg-spielmannszug.de\/index.php?rest_route=\/wp\/v2\/pages"}],"about":[{"href":"https:\/\/tg-spielmannszug.de\/index.php?rest_route=\/wp\/v2\/types\/page"}],"author":[{"embeddable":true,"href":"https:\/\/tg-spielmannszug.de\/index.php?rest_route=\/wp\/v2\/users\/1"}],"replies":[{"embeddable":true,"href":"https:\/\/tg-spielmannszug.de\/index.php?rest_route=%2Fwp%2Fv2%2Fcomments&post=28"}],"version-history":[{"count":1,"href":"https:\/\/tg-spielmannszug.de\/index.php?rest_route=\/wp\/v2\/pages\/28\/revisions"}],"predecessor-version":[{"id":29,"href":"https:\/\/tg-spielmannszug.de\/index.php?rest_route=\/wp\/v2\/pages\/28\/revisions\/29"}],"wp:attachment":[{"href":"https:\/\/tg-spielmannszug.de\/index.php?rest_route=%2Fwp%2Fv2%2Fmedia&parent=28"}],"wp:term":[{"taxonomy":"category","embeddable":true,"href":"https:\/\/tg-spielmannszug.de\/index.php?rest_route=%2Fwp%2Fv2%2Fcategories&post=28"},{"taxonomy":"post_tag","embeddable":true,"href":"https:\/\/tg-spielmannszug.de\/index.php?rest_route=%2Fwp%2Fv2%2Ftags&post=28"}],"curies":[{"name":"wp","href":"https:\/\/api.w.org\/{rel}","templated":true}]}}